{"id":22,"date":"2023-10-24T11:27:49","date_gmt":"2023-10-24T09:27:49","guid":{"rendered":"https:\/\/ralflenz-coaching.de\/?page_id=22"},"modified":"2025-12-20T16:48:17","modified_gmt":"2025-12-20T15:48:17","slug":"leistungen","status":"publish","type":"page","link":"https:\/\/ralflenz-coaching.de\/?page_id=22","title":{"rendered":"Leistungen"},"content":{"rendered":"\n<!-- Page-list plugin v.5.9 wordpress.org\/plugins\/page-list\/ -->\n<ul class=\"page-list subpages-page-list \">\n<li class=\"page_item page-item-102\"><a href=\"https:\/\/ralflenz-coaching.de\/?page_id=102\">Mentoring f\u00fcr Nachwuchsf\u00fchrungskr\u00e4fte<\/a><\/li>\n<li class=\"page_item page-item-51\"><a href=\"https:\/\/ralflenz-coaching.de\/?page_id=51\">Resilenzcoaching<\/a><\/li>\n<li class=\"page_item page-item-106\"><a href=\"https:\/\/ralflenz-coaching.de\/?page_id=106\">Seminare und Workshops<\/a><\/li>\n<li class=\"page_item page-item-108\"><a href=\"https:\/\/ralflenz-coaching.de\/?page_id=108\">Unterst\u00fctung beim \u00dcbergang in den Ruhestand<\/a><\/li>\n\n<\/ul>\n","protected":false},"excerpt":{"rendered":"","protected":false},"author":1,"featured_media":0,"parent":0,"menu_order":0,"comment_status":"closed","ping_status":"closed","template":"","meta":{"footnotes":""},"class_list":["post-22","page","type-page","status-publish","hentry"],"_links":{"self":[{"href":"https:\/\/ralflenz-coaching.de\/index.php?rest_route=\/wp\/v2\/pages\/22","targetHints":{"allow":["GET"]}}],"collection":[{"href":"https:\/\/ralflenz-coaching.de\/index.php?rest_route=\/wp\/v2\/pages"}],"about":[{"href":"https:\/\/ralflenz-coaching.de\/index.php?rest_route=\/wp\/v2\/types\/page"}],"author":[{"embeddable":true,"href":"https:\/\/ralflenz-coaching.de\/index.php?rest_route=\/wp\/v2\/users\/1"}],"replies":[{"embeddable":true,"href":"https:\/\/ralflenz-coaching.de\/index.php?rest_route=%2Fwp%2Fv2%2Fcomments&post=22"}],"version-history":[{"count":2,"href":"https:\/\/ralflenz-coaching.de\/index.php?rest_route=\/wp\/v2\/pages\/22\/revisions"}],"predecessor-version":[{"id":123,"href":"https:\/\/ralflenz-coaching.de\/index.php?rest_route=\/wp\/v2\/pages\/22\/revisions\/123"}],"wp:attachment":[{"href":"https:\/\/ralflenz-coaching.de\/index.php?rest_route=%2Fwp%2Fv2%2Fmedia&parent=22"}],"curies":[{"name":"wp","href":"https:\/\/api.w.org\/{rel}","templated":true}]}}