{"id":2,"date":"2023-10-23T11:00:29","date_gmt":"2023-10-23T09:00:29","guid":{"rendered":"http:\/\/ralflenz-coaching.de\/?page_id=2"},"modified":"2025-12-21T00:45:18","modified_gmt":"2025-12-20T23:45:18","slug":"sample-page","status":"publish","type":"page","link":"https:\/\/ralflenz-coaching.de\/","title":{"rendered":"Ralf Lenz Coaching"},"content":{"rendered":"<h1 style=\"text-align: center;\" data-start=\"139\" data-end=\"256\">Willkommen bei Ralf Lenz \u2013 Ihrem Systemischen Coach f\u00fcr Mental Health und Resilienz<\/h1>\n<h2>Hilfestellung bei Lebens\u00fcberg\u00e4nge, Stressbew\u00e4ltigung und pers\u00f6nlicher Entwicklung<\/h2>\n<p data-start=\"258\" data-end=\"536\">Ver\u00e4nderungen im Leben sind oft Herausforderung und Chance zugleich. Ob Sie sich auf den Ruhestand vorbereiten, eine neue Lebensphase beginnen oder Ihre innere St\u00e4rke in Beruf und Alltag ausbauen m\u00f6chten \u2013 ich begleite Sie dabei, Klarheit, Gelassenheit und Gesundheit zu finden.<\/p>\n<h3 data-start=\"538\" data-end=\"563\">Mein Angebot f\u00fcr Sie:<\/h3>\n<h3 data-start=\"565\" data-end=\"816\">Resilienzcoaching<\/h3>\n<p><em data-start=\"589\" data-end=\"720\">St\u00e4rken Sie Ihre innere Widerstandskraft, bew\u00e4ltigen Sie Belastungen souver\u00e4n und beugen Sie Ersch\u00f6pfung und Burnout gezielt vor.<\/em><\/p>\n<p>Typische Themen: Stressmanagement, emotionale Stabilit\u00e4t, Work-Life-Balance, Lebens\u00fcberg\u00e4nge.<\/p>\n<h3 data-start=\"818\" data-end=\"1057\">Mentoring f\u00fcr Nachwuchsf\u00fchrungskr\u00e4fte<\/h3>\n<p data-start=\"818\" data-end=\"1057\"><em data-start=\"862\" data-end=\"962\">Erhalten Sie praxisnahe Unterst\u00fctzung, um Ihre F\u00fchrungsrolle sicher und selbstbewusst auszuf\u00fcllen.<\/em><\/p>\n<p data-start=\"818\" data-end=\"1057\">Typische Themen: F\u00fchrungskompetenzen, Kommunikation, Konfliktmanagement, Selbstorganisation.<\/p>\n<h3 data-start=\"1059\" data-end=\"1282\">Workshops und Seminare<\/h3>\n<p data-start=\"1059\" data-end=\"1282\"><em data-start=\"1088\" data-end=\"1191\">F\u00f6rdern Sie Resilienz und Wohlbefinden in Teams und Organisationen durch praxisorientierte Trainings.<\/em><\/p>\n<p data-start=\"1059\" data-end=\"1282\">Typische Inhalte: Stressbew\u00e4ltigung, Achtsamkeit, Teamentwicklung, Gesundheitsf\u00f6rderung.<\/p>\n<h3 data-start=\"1284\" data-end=\"1552\">Allgemeine Lebenshilfe<\/h3>\n<p data-start=\"1284\" data-end=\"1552\"><em data-start=\"1313\" data-end=\"1448\">Unterst\u00fctzung in herausfordernden Lebenssituationen, um den Alltag besser zu meistern und die pers\u00f6nliche Lebensqualit\u00e4t zu steigern.<\/em><\/p>\n<p data-start=\"1284\" data-end=\"1552\">Typische Themen: Pers\u00f6nliche Ressourcen, Entscheidungsfindung, Umgang mit Ver\u00e4nderung, Lebensplanung.<\/p>\n","protected":false},"excerpt":{"rendered":"<p>Willkommen bei Ralf Lenz \u2013 Ihrem Systemischen Coach f\u00fcr Mental Health und Resilienz Hilfestellung bei Lebens\u00fcberg\u00e4nge, Stressbew\u00e4ltigung und pers\u00f6nlicher Entwicklung Ver\u00e4nderungen im Leben sind oft Herausforderung und Chance zugleich. Ob Sie sich auf den Ruhestand vorbereiten, eine neue Lebensphase beginnen &hellip; <a href=\"https:\/\/ralflenz-coaching.de\/\">Weiterlesen <span class=\"meta-nav\">&rarr;<\/span><\/a><\/p>\n","protected":false},"author":1,"featured_media":0,"parent":0,"menu_order":0,"comment_status":"closed","ping_status":"open","template":"","meta":{"footnotes":""},"class_list":["post-2","page","type-page","status-publish","hentry"],"_links":{"self":[{"href":"https:\/\/ralflenz-coaching.de\/index.php?rest_route=\/wp\/v2\/pages\/2","targetHints":{"allow":["GET"]}}],"collection":[{"href":"https:\/\/ralflenz-coaching.de\/index.php?rest_route=\/wp\/v2\/pages"}],"about":[{"href":"https:\/\/ralflenz-coaching.de\/index.php?rest_route=\/wp\/v2\/types\/page"}],"author":[{"embeddable":true,"href":"https:\/\/ralflenz-coaching.de\/index.php?rest_route=\/wp\/v2\/users\/1"}],"replies":[{"embeddable":true,"href":"https:\/\/ralflenz-coaching.de\/index.php?rest_route=%2Fwp%2Fv2%2Fcomments&post=2"}],"version-history":[{"count":5,"href":"https:\/\/ralflenz-coaching.de\/index.php?rest_route=\/wp\/v2\/pages\/2\/revisions"}],"predecessor-version":[{"id":130,"href":"https:\/\/ralflenz-coaching.de\/index.php?rest_route=\/wp\/v2\/pages\/2\/revisions\/130"}],"wp:attachment":[{"href":"https:\/\/ralflenz-coaching.de\/index.php?rest_route=%2Fwp%2Fv2%2Fmedia&parent=2"}],"curies":[{"name":"wp","href":"https:\/\/api.w.org\/{rel}","templated":true}]}}